{"id":3674,"date":"2022-09-22T08:46:34","date_gmt":"2022-09-22T05:46:34","guid":{"rendered":"https:\/\/ukkohalla.fi\/?page_id=3674"},"modified":"2026-01-08T09:46:18","modified_gmt":"2026-01-08T07:46:18","slug":"frontpage-winter","status":"publish","type":"page","link":"https:\/\/ukkohalla.fi\/en\/","title":{"rendered":"Frontpage winter"},"content":{"rendered":"\r\n<p><strong>Lorem Ipsum<\/strong>\u00a0is simply dummy text of the printing and typesetting industry.\u00a0Lorem Ipsum has been the industry&#8217;s standard dummy text ever since the 1500s, when an unknown printer took a galley of type and scrambled it to make a type specimen book.<\/p>\r\n","protected":false},"excerpt":{"rendered":"<p>Lorem Ipsum\u00a0is simply dummy text of the printing and typesetting industry.\u00a0Lorem Ipsum has been the industry&#8217;s standard dummy text ever since the 1500s, when an unknown printer took a galley of type and scrambled it to make a type specimen book. [&#8230;]<\/p>\n<p><a class=\"btn btn-secondary understrap-read-more-link\" href=\"https:\/\/ukkohalla.fi\/en\/\">Read More&#8230;<span class=\"screen-reader-text\"> from Frontpage winter<\/span><\/a><\/p>\n","protected":false},"author":2,"featured_media":0,"parent":0,"menu_order":0,"comment_status":"closed","ping_status":"closed","template":"","meta":{"_acf_changed":false,"footnotes":""},"class_list":["post-3674","page","type-page","status-publish","hentry"],"acf":[],"yoast_head":"<!-- This site is optimized with the Yoast SEO plugin v26.3 - https:\/\/yoast.com\/wordpress\/plugins\/seo\/ -->\n<title>Ukkohalla - Frontpage<\/title>\n<meta name=\"description\" content=\"Ukkohalla - worth finding. Ukkohalla Resort is located by Lake Syv\u00e4j\u00e4rvi, next to the highest ridges of Arctic Lakeland in Finland\" \/>\n<meta name=\"robots\" content=\"index, follow, max-snippet:-1, max-image-preview:large, max-video-preview:-1\" \/>\n<link rel=\"canonical\" href=\"https:\/\/ukkohalla.fi\/en\/\" \/>\n<meta property=\"og:locale\" content=\"en_US\" \/>\n<meta property=\"og:type\" content=\"article\" \/>\n<meta property=\"og:title\" content=\"Ukkohalla - El\u00e4mysten lomakohde upean luonnon keskell\u00e4.\" \/>\n<meta property=\"og:description\" content=\"Ukkohallassa kaikki on l\u00e4hell\u00e4 upean ja puhtaan luonnon keskell\u00e4. L\u00f6yd\u00e4t sielt\u00e4 paljon erilaisia aktiviteetteja yhdess\u00e4 tekemiseen.\" \/>\n<meta property=\"og:url\" content=\"https:\/\/ukkohalla.fi\/en\/\" \/>\n<meta property=\"og:site_name\" content=\"Ukkohalla\" \/>\n<meta property=\"article:modified_time\" content=\"2026-01-08T07:46:18+00:00\" \/>\n<meta property=\"og:image\" content=\"https:\/\/ukkohalla.fi\/wp-content\/uploads\/2022\/09\/Ukkohalla-share-talvi-1200x630-1-wpp1697698032778.jpeg\" \/>\n\t<meta property=\"og:image:width\" content=\"1200\" \/>\n\t<meta property=\"og:image:height\" content=\"630\" \/>\n\t<meta property=\"og:image:type\" content=\"image\/jpeg\" \/>\n<meta name=\"twitter:card\" content=\"summary_large_image\" \/>\n<meta name=\"twitter:title\" content=\"Ukkohalla - El\u00e4mysten lomakohde upean luonnon keskell\u00e4.\" \/>\n<meta name=\"twitter:description\" content=\"Ukkohallassa kaikki on l\u00e4hell\u00e4 upean ja puhtaan luonnon keskell\u00e4. L\u00f6yd\u00e4t sielt\u00e4 paljon erilaisia aktiviteetteja yhdess\u00e4 tekemiseen.\" \/>\n<meta name=\"twitter:image\" content=\"https:\/\/ukkohalla.fi\/wp-content\/uploads\/2022\/09\/Ukkohalla-share-talvi-1200x630-1-wpp1697698032778.jpeg\" \/>\n<meta name=\"twitter:label1\" content=\"Est. reading time\" \/>\n\t<meta name=\"twitter:data1\" content=\"4 minutes\" \/>\n<script type=\"application\/ld+json\" class=\"yoast-schema-graph\">{\"@context\":\"https:\/\/schema.org\",\"@graph\":[{\"@type\":\"WebPage\",\"@id\":\"https:\/\/ukkohalla.fi\/en\/\",\"url\":\"https:\/\/ukkohalla.fi\/en\/\",\"name\":\"Ukkohalla - Frontpage\",\"isPartOf\":{\"@id\":\"https:\/\/ukkohalla.fi\/en\/#website\"},\"datePublished\":\"2022-09-22T05:46:34+00:00\",\"dateModified\":\"2026-01-08T07:46:18+00:00\",\"description\":\"Ukkohalla - worth finding. Ukkohalla Resort is located by Lake Syv\u00e4j\u00e4rvi, next to the highest ridges of Arctic Lakeland in Finland\",\"breadcrumb\":{\"@id\":\"https:\/\/ukkohalla.fi\/en\/#breadcrumb\"},\"inLanguage\":\"en-US\",\"potentialAction\":[{\"@type\":\"ReadAction\",\"target\":[\"https:\/\/ukkohalla.fi\/en\/\"]}]},{\"@type\":\"BreadcrumbList\",\"@id\":\"https:\/\/ukkohalla.fi\/en\/#breadcrumb\",\"itemListElement\":[{\"@type\":\"ListItem\",\"position\":1,\"name\":\"\uf015\",\"item\":\"https:\/\/ukkohalla.fi\/en\/\"},{\"@type\":\"ListItem\",\"position\":2,\"name\":\"Frontpage winter\"}]},{\"@type\":\"WebSite\",\"@id\":\"https:\/\/ukkohalla.fi\/en\/#website\",\"url\":\"https:\/\/ukkohalla.fi\/en\/\",\"name\":\"Ukkohalla\",\"description\":\"\",\"publisher\":{\"@id\":\"https:\/\/ukkohalla.fi\/en\/#organization\"},\"potentialAction\":[{\"@type\":\"SearchAction\",\"target\":{\"@type\":\"EntryPoint\",\"urlTemplate\":\"https:\/\/ukkohalla.fi\/en\/?s={search_term_string}\"},\"query-input\":{\"@type\":\"PropertyValueSpecification\",\"valueRequired\":true,\"valueName\":\"search_term_string\"}}],\"inLanguage\":\"en-US\"},{\"@type\":\"Organization\",\"@id\":\"https:\/\/ukkohalla.fi\/en\/#organization\",\"name\":\"Ukkohalla\",\"url\":\"https:\/\/ukkohalla.fi\/en\/\",\"logo\":{\"@type\":\"ImageObject\",\"inLanguage\":\"en-US\",\"@id\":\"https:\/\/ukkohalla.fi\/en\/#\/schema\/logo\/image\/\",\"url\":\"https:\/\/ukkohalla.fi\/wp-content\/uploads\/2022\/05\/logo-boxed.png\",\"contentUrl\":\"https:\/\/ukkohalla.fi\/wp-content\/uploads\/2022\/05\/logo-boxed.png\",\"width\":480,\"height\":110,\"caption\":\"Ukkohalla\"},\"image\":{\"@id\":\"https:\/\/ukkohalla.fi\/en\/#\/schema\/logo\/image\/\"}}]}<\/script>\n<!-- \/ Yoast SEO plugin. -->","yoast_head_json":{"title":"Ukkohalla - Frontpage","description":"Ukkohalla - worth finding. Ukkohalla Resort is located by Lake Syv\u00e4j\u00e4rvi, next to the highest ridges of Arctic Lakeland in Finland","robots":{"index":"index","follow":"follow","max-snippet":"max-snippet:-1","max-image-preview":"max-image-preview:large","max-video-preview":"max-video-preview:-1"},"canonical":"https:\/\/ukkohalla.fi\/en\/","og_locale":"en_US","og_type":"article","og_title":"Ukkohalla - El\u00e4mysten lomakohde upean luonnon keskell\u00e4.","og_description":"Ukkohallassa kaikki on l\u00e4hell\u00e4 upean ja puhtaan luonnon keskell\u00e4. L\u00f6yd\u00e4t sielt\u00e4 paljon erilaisia aktiviteetteja yhdess\u00e4 tekemiseen.","og_url":"https:\/\/ukkohalla.fi\/en\/","og_site_name":"Ukkohalla","article_modified_time":"2026-01-08T07:46:18+00:00","og_image":[{"width":1200,"height":630,"url":"https:\/\/ukkohalla.fi\/wp-content\/uploads\/2022\/09\/Ukkohalla-share-talvi-1200x630-1-wpp1697698032778.jpeg","type":"image\/jpeg"}],"twitter_card":"summary_large_image","twitter_title":"Ukkohalla - El\u00e4mysten lomakohde upean luonnon keskell\u00e4.","twitter_description":"Ukkohallassa kaikki on l\u00e4hell\u00e4 upean ja puhtaan luonnon keskell\u00e4. L\u00f6yd\u00e4t sielt\u00e4 paljon erilaisia aktiviteetteja yhdess\u00e4 tekemiseen.","twitter_image":"https:\/\/ukkohalla.fi\/wp-content\/uploads\/2022\/09\/Ukkohalla-share-talvi-1200x630-1-wpp1697698032778.jpeg","twitter_misc":{"Est. reading time":"4 minutes"},"schema":{"@context":"https:\/\/schema.org","@graph":[{"@type":"WebPage","@id":"https:\/\/ukkohalla.fi\/en\/","url":"https:\/\/ukkohalla.fi\/en\/","name":"Ukkohalla - Frontpage","isPartOf":{"@id":"https:\/\/ukkohalla.fi\/en\/#website"},"datePublished":"2022-09-22T05:46:34+00:00","dateModified":"2026-01-08T07:46:18+00:00","description":"Ukkohalla - worth finding. Ukkohalla Resort is located by Lake Syv\u00e4j\u00e4rvi, next to the highest ridges of Arctic Lakeland in Finland","breadcrumb":{"@id":"https:\/\/ukkohalla.fi\/en\/#breadcrumb"},"inLanguage":"en-US","potentialAction":[{"@type":"ReadAction","target":["https:\/\/ukkohalla.fi\/en\/"]}]},{"@type":"BreadcrumbList","@id":"https:\/\/ukkohalla.fi\/en\/#breadcrumb","itemListElement":[{"@type":"ListItem","position":1,"name":"\uf015","item":"https:\/\/ukkohalla.fi\/en\/"},{"@type":"ListItem","position":2,"name":"Frontpage winter"}]},{"@type":"WebSite","@id":"https:\/\/ukkohalla.fi\/en\/#website","url":"https:\/\/ukkohalla.fi\/en\/","name":"Ukkohalla","description":"","publisher":{"@id":"https:\/\/ukkohalla.fi\/en\/#organization"},"potentialAction":[{"@type":"SearchAction","target":{"@type":"EntryPoint","urlTemplate":"https:\/\/ukkohalla.fi\/en\/?s={search_term_string}"},"query-input":{"@type":"PropertyValueSpecification","valueRequired":true,"valueName":"search_term_string"}}],"inLanguage":"en-US"},{"@type":"Organization","@id":"https:\/\/ukkohalla.fi\/en\/#organization","name":"Ukkohalla","url":"https:\/\/ukkohalla.fi\/en\/","logo":{"@type":"ImageObject","inLanguage":"en-US","@id":"https:\/\/ukkohalla.fi\/en\/#\/schema\/logo\/image\/","url":"https:\/\/ukkohalla.fi\/wp-content\/uploads\/2022\/05\/logo-boxed.png","contentUrl":"https:\/\/ukkohalla.fi\/wp-content\/uploads\/2022\/05\/logo-boxed.png","width":480,"height":110,"caption":"Ukkohalla"},"image":{"@id":"https:\/\/ukkohalla.fi\/en\/#\/schema\/logo\/image\/"}}]}},"_links":{"self":[{"href":"https:\/\/ukkohalla.fi\/en\/wp-json\/wp\/v2\/pages\/3674","targetHints":{"allow":["GET"]}}],"collection":[{"href":"https:\/\/ukkohalla.fi\/en\/wp-json\/wp\/v2\/pages"}],"about":[{"href":"https:\/\/ukkohalla.fi\/en\/wp-json\/wp\/v2\/types\/page"}],"author":[{"embeddable":true,"href":"https:\/\/ukkohalla.fi\/en\/wp-json\/wp\/v2\/users\/2"}],"replies":[{"embeddable":true,"href":"https:\/\/ukkohalla.fi\/en\/wp-json\/wp\/v2\/comments?post=3674"}],"version-history":[{"count":44,"href":"https:\/\/ukkohalla.fi\/en\/wp-json\/wp\/v2\/pages\/3674\/revisions"}],"predecessor-version":[{"id":8436,"href":"https:\/\/ukkohalla.fi\/en\/wp-json\/wp\/v2\/pages\/3674\/revisions\/8436"}],"wp:attachment":[{"href":"https:\/\/ukkohalla.fi\/en\/wp-json\/wp\/v2\/media?parent=3674"}],"curies":[{"name":"wp","href":"https:\/\/api.w.org\/{rel}","templated":true}]}}