{"id":3103,"date":"2022-05-12T23:13:12","date_gmt":"2022-05-12T20:13:12","guid":{"rendered":"https:\/\/ukkohalla.fi\/accommodation\/lomapaketit-ja-majoitustarjoukset\/"},"modified":"2026-04-13T10:04:43","modified_gmt":"2026-04-13T07:04:43","slug":"holiday-packages-and-offers","status":"publish","type":"page","link":"https:\/\/ukkohalla.fi\/en\/accommodation\/holiday-packages-and-offers\/","title":{"rendered":"Holiday packages and offers"},"content":{"rendered":"","protected":false},"excerpt":{"rendered":"<p> [&#8230;]<\/p>\n<p><a class=\"btn btn-secondary understrap-read-more-link\" href=\"https:\/\/ukkohalla.fi\/en\/accommodation\/holiday-packages-and-offers\/\">Read More&#8230;<span class=\"screen-reader-text\"> from Holiday packages and offers<\/span><\/a><\/p>\n","protected":false},"author":13,"featured_media":0,"parent":2647,"menu_order":0,"comment_status":"closed","ping_status":"closed","template":"","meta":{"_acf_changed":false,"footnotes":""},"class_list":["post-3103","page","type-page","status-publish","hentry"],"acf":[],"yoast_head":"<!-- This site is optimized with the Yoast SEO plugin v26.3 - https:\/\/yoast.com\/wordpress\/plugins\/seo\/ -->\n<title>Holiday packages and offers - Ukkohalla<\/title>\n<meta name=\"description\" content=\"Tutustu ajankohtaisiin lomapaketteihin ja tarjouksiin. Upeita maisemia, ihania majoitusel\u00e4myksi\u00e4, herkuttelua ja hullun hauskaa tekemist\u00e4.\" \/>\n<meta name=\"robots\" content=\"index, follow, max-snippet:-1, max-image-preview:large, max-video-preview:-1\" \/>\n<link rel=\"canonical\" href=\"https:\/\/ukkohalla.fi\/en\/accommodation\/holiday-packages-and-offers\/\" \/>\n<meta property=\"og:locale\" content=\"en_US\" \/>\n<meta property=\"og:type\" content=\"article\" \/>\n<meta property=\"og:title\" content=\"Holiday packages and offers - Ukkohalla\" \/>\n<meta property=\"og:description\" content=\"Tutustu ajankohtaisiin lomapaketteihin ja tarjouksiin. Upeita maisemia, ihania majoitusel\u00e4myksi\u00e4, herkuttelua ja hullun hauskaa tekemist\u00e4.\" \/>\n<meta property=\"og:url\" content=\"https:\/\/ukkohalla.fi\/en\/accommodation\/holiday-packages-and-offers\/\" \/>\n<meta property=\"og:site_name\" content=\"Ukkohalla\" \/>\n<meta property=\"article:modified_time\" content=\"2026-04-13T07:04:43+00:00\" \/>\n<meta name=\"twitter:card\" content=\"summary_large_image\" \/>\n<meta name=\"twitter:label1\" content=\"Est. reading time\" \/>\n\t<meta name=\"twitter:data1\" content=\"1 minute\" \/>\n<script type=\"application\/ld+json\" class=\"yoast-schema-graph\">{\"@context\":\"https:\/\/schema.org\",\"@graph\":[{\"@type\":\"WebPage\",\"@id\":\"https:\/\/ukkohalla.fi\/en\/accommodation\/holiday-packages-and-offers\/\",\"url\":\"https:\/\/ukkohalla.fi\/en\/accommodation\/holiday-packages-and-offers\/\",\"name\":\"Holiday packages and offers - Ukkohalla\",\"isPartOf\":{\"@id\":\"https:\/\/ukkohalla.fi\/en\/#website\"},\"datePublished\":\"2022-05-12T20:13:12+00:00\",\"dateModified\":\"2026-04-13T07:04:43+00:00\",\"description\":\"Tutustu ajankohtaisiin lomapaketteihin ja tarjouksiin. Upeita maisemia, ihania majoitusel\u00e4myksi\u00e4, herkuttelua ja hullun hauskaa tekemist\u00e4.\",\"breadcrumb\":{\"@id\":\"https:\/\/ukkohalla.fi\/en\/accommodation\/holiday-packages-and-offers\/#breadcrumb\"},\"inLanguage\":\"en-US\",\"potentialAction\":[{\"@type\":\"ReadAction\",\"target\":[\"https:\/\/ukkohalla.fi\/en\/accommodation\/holiday-packages-and-offers\/\"]}]},{\"@type\":\"BreadcrumbList\",\"@id\":\"https:\/\/ukkohalla.fi\/en\/accommodation\/holiday-packages-and-offers\/#breadcrumb\",\"itemListElement\":[{\"@type\":\"ListItem\",\"position\":1,\"name\":\"\uf015\",\"item\":\"https:\/\/ukkohalla.fi\/en\/\"},{\"@type\":\"ListItem\",\"position\":2,\"name\":\"Accommodation\",\"item\":\"https:\/\/ukkohalla.fi\/en\/accommodation\/\"},{\"@type\":\"ListItem\",\"position\":3,\"name\":\"Holiday packages and offers\"}]},{\"@type\":\"WebSite\",\"@id\":\"https:\/\/ukkohalla.fi\/en\/#website\",\"url\":\"https:\/\/ukkohalla.fi\/en\/\",\"name\":\"Ukkohalla\",\"description\":\"\",\"publisher\":{\"@id\":\"https:\/\/ukkohalla.fi\/en\/#organization\"},\"potentialAction\":[{\"@type\":\"SearchAction\",\"target\":{\"@type\":\"EntryPoint\",\"urlTemplate\":\"https:\/\/ukkohalla.fi\/en\/?s={search_term_string}\"},\"query-input\":{\"@type\":\"PropertyValueSpecification\",\"valueRequired\":true,\"valueName\":\"search_term_string\"}}],\"inLanguage\":\"en-US\"},{\"@type\":\"Organization\",\"@id\":\"https:\/\/ukkohalla.fi\/en\/#organization\",\"name\":\"Ukkohalla\",\"url\":\"https:\/\/ukkohalla.fi\/en\/\",\"logo\":{\"@type\":\"ImageObject\",\"inLanguage\":\"en-US\",\"@id\":\"https:\/\/ukkohalla.fi\/en\/#\/schema\/logo\/image\/\",\"url\":\"https:\/\/ukkohalla.fi\/wp-content\/uploads\/2022\/05\/logo-boxed.png\",\"contentUrl\":\"https:\/\/ukkohalla.fi\/wp-content\/uploads\/2022\/05\/logo-boxed.png\",\"width\":480,\"height\":110,\"caption\":\"Ukkohalla\"},\"image\":{\"@id\":\"https:\/\/ukkohalla.fi\/en\/#\/schema\/logo\/image\/\"}}]}<\/script>\n<!-- \/ Yoast SEO plugin. -->","yoast_head_json":{"title":"Holiday packages and offers - Ukkohalla","description":"Tutustu ajankohtaisiin lomapaketteihin ja tarjouksiin. Upeita maisemia, ihania majoitusel\u00e4myksi\u00e4, herkuttelua ja hullun hauskaa tekemist\u00e4.","robots":{"index":"index","follow":"follow","max-snippet":"max-snippet:-1","max-image-preview":"max-image-preview:large","max-video-preview":"max-video-preview:-1"},"canonical":"https:\/\/ukkohalla.fi\/en\/accommodation\/holiday-packages-and-offers\/","og_locale":"en_US","og_type":"article","og_title":"Holiday packages and offers - Ukkohalla","og_description":"Tutustu ajankohtaisiin lomapaketteihin ja tarjouksiin. Upeita maisemia, ihania majoitusel\u00e4myksi\u00e4, herkuttelua ja hullun hauskaa tekemist\u00e4.","og_url":"https:\/\/ukkohalla.fi\/en\/accommodation\/holiday-packages-and-offers\/","og_site_name":"Ukkohalla","article_modified_time":"2026-04-13T07:04:43+00:00","twitter_card":"summary_large_image","twitter_misc":{"Est. reading time":"1 minute"},"schema":{"@context":"https:\/\/schema.org","@graph":[{"@type":"WebPage","@id":"https:\/\/ukkohalla.fi\/en\/accommodation\/holiday-packages-and-offers\/","url":"https:\/\/ukkohalla.fi\/en\/accommodation\/holiday-packages-and-offers\/","name":"Holiday packages and offers - Ukkohalla","isPartOf":{"@id":"https:\/\/ukkohalla.fi\/en\/#website"},"datePublished":"2022-05-12T20:13:12+00:00","dateModified":"2026-04-13T07:04:43+00:00","description":"Tutustu ajankohtaisiin lomapaketteihin ja tarjouksiin. Upeita maisemia, ihania majoitusel\u00e4myksi\u00e4, herkuttelua ja hullun hauskaa tekemist\u00e4.","breadcrumb":{"@id":"https:\/\/ukkohalla.fi\/en\/accommodation\/holiday-packages-and-offers\/#breadcrumb"},"inLanguage":"en-US","potentialAction":[{"@type":"ReadAction","target":["https:\/\/ukkohalla.fi\/en\/accommodation\/holiday-packages-and-offers\/"]}]},{"@type":"BreadcrumbList","@id":"https:\/\/ukkohalla.fi\/en\/accommodation\/holiday-packages-and-offers\/#breadcrumb","itemListElement":[{"@type":"ListItem","position":1,"name":"\uf015","item":"https:\/\/ukkohalla.fi\/en\/"},{"@type":"ListItem","position":2,"name":"Accommodation","item":"https:\/\/ukkohalla.fi\/en\/accommodation\/"},{"@type":"ListItem","position":3,"name":"Holiday packages and offers"}]},{"@type":"WebSite","@id":"https:\/\/ukkohalla.fi\/en\/#website","url":"https:\/\/ukkohalla.fi\/en\/","name":"Ukkohalla","description":"","publisher":{"@id":"https:\/\/ukkohalla.fi\/en\/#organization"},"potentialAction":[{"@type":"SearchAction","target":{"@type":"EntryPoint","urlTemplate":"https:\/\/ukkohalla.fi\/en\/?s={search_term_string}"},"query-input":{"@type":"PropertyValueSpecification","valueRequired":true,"valueName":"search_term_string"}}],"inLanguage":"en-US"},{"@type":"Organization","@id":"https:\/\/ukkohalla.fi\/en\/#organization","name":"Ukkohalla","url":"https:\/\/ukkohalla.fi\/en\/","logo":{"@type":"ImageObject","inLanguage":"en-US","@id":"https:\/\/ukkohalla.fi\/en\/#\/schema\/logo\/image\/","url":"https:\/\/ukkohalla.fi\/wp-content\/uploads\/2022\/05\/logo-boxed.png","contentUrl":"https:\/\/ukkohalla.fi\/wp-content\/uploads\/2022\/05\/logo-boxed.png","width":480,"height":110,"caption":"Ukkohalla"},"image":{"@id":"https:\/\/ukkohalla.fi\/en\/#\/schema\/logo\/image\/"}}]}},"_links":{"self":[{"href":"https:\/\/ukkohalla.fi\/en\/wp-json\/wp\/v2\/pages\/3103","targetHints":{"allow":["GET"]}}],"collection":[{"href":"https:\/\/ukkohalla.fi\/en\/wp-json\/wp\/v2\/pages"}],"about":[{"href":"https:\/\/ukkohalla.fi\/en\/wp-json\/wp\/v2\/types\/page"}],"author":[{"embeddable":true,"href":"https:\/\/ukkohalla.fi\/en\/wp-json\/wp\/v2\/users\/13"}],"replies":[{"embeddable":true,"href":"https:\/\/ukkohalla.fi\/en\/wp-json\/wp\/v2\/comments?post=3103"}],"version-history":[{"count":10,"href":"https:\/\/ukkohalla.fi\/en\/wp-json\/wp\/v2\/pages\/3103\/revisions"}],"predecessor-version":[{"id":8676,"href":"https:\/\/ukkohalla.fi\/en\/wp-json\/wp\/v2\/pages\/3103\/revisions\/8676"}],"up":[{"embeddable":true,"href":"https:\/\/ukkohalla.fi\/en\/wp-json\/wp\/v2\/pages\/2647"}],"wp:attachment":[{"href":"https:\/\/ukkohalla.fi\/en\/wp-json\/wp\/v2\/media?parent=3103"}],"curies":[{"name":"wp","href":"https:\/\/api.w.org\/{rel}","templated":true}]}}